{"id":433,"date":"2022-03-27T17:39:46","date_gmt":"2022-03-27T17:39:46","guid":{"rendered":"https:\/\/w-go.hu\/?page_id=433"},"modified":"2022-04-04T15:17:40","modified_gmt":"2022-04-04T15:17:40","slug":"soltvadkert","status":"publish","type":"page","link":"https:\/\/w-go.hu\/en\/soltvadkert\/","title":{"rendered":"Soltvadkert"},"content":{"rendered":"<p>[et_pb_section fb_built=&#8221;1&#8243; admin_label=&#8221;Hero section&#8221; _builder_version=&#8221;4.9.2&#8243; use_background_color_gradient=&#8221;off&#8221; background_image=&#8221;https:\/\/w-go.hu\/wp-content\/uploads\/2022\/03\/kep.jpg&#8221; custom_margin=&#8221;|||&#8221; custom_padding=&#8221;14.5%||14.5%||true|&#8221;][et_pb_row _builder_version=&#8221;4.9.2&#8243; custom_margin=&#8221;|||&#8221; animation_style=&#8221;fade&#8221;][et_pb_column type=&#8221;4_4&#8243; _builder_version=&#8221;3.25&#8243; custom_padding=&#8221;1px|||&#8221; custom_padding__hover=&#8221;|||&#8221;][et_pb_cta title=&#8221;PERLA BEV\u00c1S\u00c1RL\u00d3K\u00d6ZPONT&#8221; button_url=&#8221;#&#8221; _builder_version=&#8221;4.9.2&#8243; header_level=&#8221;h1&#8243; header_font=&#8221;Lato|900||on|||||&#8221; header_text_align=&#8221;center&#8221; header_font_size=&#8221;55px&#8221; header_line_height=&#8221;1.2em&#8221; body_font=&#8221;Lato||||||||&#8221; body_font_size=&#8221;20px&#8221; body_line_height=&#8221;1.8em&#8221; use_background_color=&#8221;off&#8221; custom_button=&#8221;on&#8221; button_text_size=&#8221;16px&#8221; button_text_color=&#8221;#ffffff&#8221; button_bg_color=&#8221;#ff9e28&#8243; button_border_width=&#8221;8px&#8221; button_border_color=&#8221;RGBA(0,0,0,0)&#8221; button_border_radius=&#8221;3px&#8221; button_letter_spacing=&#8221;2px&#8221; button_font=&#8221;Lato|700||on|||||&#8221; button_use_icon=&#8221;off&#8221; button_custom_margin=&#8221;0px||||false|false&#8221; button_custom_padding=&#8221;0px|35px|0px|35px|false|false&#8221; module_alignment=&#8221;left&#8221; custom_padding=&#8221;|0px||0px||&#8221; header_font_size_tablet=&#8221;46px&#8221; header_font_size_phone=&#8221;27px&#8221; header_font_size_last_edited=&#8221;on|tablet&#8221; body_font_size_tablet=&#8221;&#8221; body_font_size_phone=&#8221;18px&#8221; body_font_size_last_edited=&#8221;on|phone&#8221; header_text_shadow_style=&#8221;preset1&#8243; header_text_shadow_blur_strength=&#8221;0.6em&#8221; header_text_shadow_color=&#8221;rgba(0,0,0,0.6)&#8221; button_letter_spacing_hover=&#8221;2px&#8221; button_text_size__hover_enabled=&#8221;off&#8221; button_one_text_size__hover_enabled=&#8221;off&#8221; button_two_text_size__hover_enabled=&#8221;off&#8221; button_text_color__hover_enabled=&#8221;off&#8221; button_one_text_color__hover_enabled=&#8221;off&#8221; button_two_text_color__hover_enabled=&#8221;off&#8221; button_border_width__hover_enabled=&#8221;off&#8221; button_one_border_width__hover_enabled=&#8221;off&#8221; button_two_border_width__hover_enabled=&#8221;off&#8221; button_border_color__hover_enabled=&#8221;off&#8221; button_one_border_color__hover_enabled=&#8221;off&#8221; button_two_border_color__hover_enabled=&#8221;off&#8221; button_border_radius__hover_enabled=&#8221;off&#8221; button_one_border_radius__hover_enabled=&#8221;off&#8221; button_two_border_radius__hover_enabled=&#8221;off&#8221; button_letter_spacing__hover_enabled=&#8221;on&#8221; button_letter_spacing__hover=&#8221;2px&#8221; button_one_letter_spacing__hover_enabled=&#8221;off&#8221; button_two_letter_spacing__hover_enabled=&#8221;off&#8221; button_bg_color__hover_enabled=&#8221;off&#8221; button_one_bg_color__hover_enabled=&#8221;off&#8221; button_two_bg_color__hover_enabled=&#8221;off&#8221;]<\/p>\n<p style=\"text-align: center;\">SOLTVADKERT<\/p>\n<p>[\/et_pb_cta][\/et_pb_column][\/et_pb_row][\/et_pb_section][et_pb_section fb_built=&#8221;1&#8243; _builder_version=&#8221;4.9.2&#8243; _module_preset=&#8221;default&#8221; use_background_color_gradient=&#8221;off&#8221; custom_padding=&#8221;||3px|||&#8221;][et_pb_row column_structure=&#8221;1_5,1_5,1_5,1_5,1_5&#8243; use_custom_gutter=&#8221;on&#8221; gutter_width=&#8221;1&#8243; disabled_on=&#8221;on|off|off&#8221; _builder_version=&#8221;4.9.2&#8243; _module_preset=&#8221;default&#8221; width=&#8221;50%&#8221; custom_margin=&#8221;-164px|auto||auto||&#8221;][et_pb_column type=&#8221;1_5&#8243; _builder_version=&#8221;4.9.2&#8243; _module_preset=&#8221;default&#8221;][et_pb_image src=&#8221;https:\/\/w-go.hu\/wp-content\/uploads\/2022\/03\/elelmiszer.png&#8221; title_text=&#8221;elelmiszer&#8221; show_bottom_space=&#8221;off&#8221; force_fullwidth=&#8221;on&#8221; _builder_version=&#8221;4.9.2&#8243; _module_preset=&#8221;default&#8221; transform_scale=&#8221;80%|80%&#8221; custom_margin=&#8221;||20px||false|false&#8221; transform_styles__hover_enabled=&#8221;on|hover&#8221; transform_scale__hover_enabled=&#8221;on|hover&#8221; transform_translate__hover_enabled=&#8221;on|desktop&#8221; transform_rotate__hover_enabled=&#8221;on|desktop&#8221; transform_skew__hover_enabled=&#8221;on|desktop&#8221; transform_origin__hover_enabled=&#8221;on|desktop&#8221; transform_scale__hover=&#8221;85%|85%&#8221;][\/et_pb_image][et_pb_text _builder_version=&#8221;4.9.2&#8243; _module_preset=&#8221;default&#8221; text_font=&#8221;Lato|700|||||||&#8221; text_font_size=&#8221;13px&#8221; custom_margin=&#8221;-25px||||false|false&#8221;]<\/p>\n<p style=\"text-align: center;\">FOOD<\/p>\n<p>[\/et_pb_text][\/et_pb_column][et_pb_column type=&#8221;1_5&#8243; _builder_version=&#8221;4.9.2&#8243; _module_preset=&#8221;default&#8221;][et_pb_image src=&#8221;https:\/\/w-go.hu\/wp-content\/uploads\/2022\/03\/kozmetikum.png&#8221; title_text=&#8221;kozmetikum&#8221; show_bottom_space=&#8221;off&#8221; force_fullwidth=&#8221;on&#8221; _builder_version=&#8221;4.9.2&#8243; _module_preset=&#8221;default&#8221; transform_scale=&#8221;80%|80%&#8221; custom_margin=&#8221;||20px||false|false&#8221; transform_styles__hover_enabled=&#8221;on|hover&#8221; transform_scale__hover_enabled=&#8221;on|hover&#8221; transform_translate__hover_enabled=&#8221;on|desktop&#8221; transform_rotate__hover_enabled=&#8221;on|desktop&#8221; transform_skew__hover_enabled=&#8221;on|desktop&#8221; transform_origin__hover_enabled=&#8221;on|desktop&#8221; transform_scale__hover=&#8221;86%|86%&#8221;][\/et_pb_image][et_pb_text _builder_version=&#8221;4.9.2&#8243; _module_preset=&#8221;default&#8221; text_font=&#8221;Lato|700|||||||&#8221; text_font_size=&#8221;13px&#8221; custom_margin=&#8221;-25px||||false|false&#8221;]<\/p>\n<p style=\"text-align: center;\">COSMETICS<\/p>\n<p>[\/et_pb_text][\/et_pb_column][et_pb_column type=&#8221;1_5&#8243; _builder_version=&#8221;4.9.2&#8243; _module_preset=&#8221;default&#8221;][et_pb_image src=&#8221;https:\/\/w-go.hu\/wp-content\/uploads\/2022\/03\/divat.png&#8221; title_text=&#8221;divat&#8221; show_bottom_space=&#8221;off&#8221; force_fullwidth=&#8221;on&#8221; _builder_version=&#8221;4.9.2&#8243; _module_preset=&#8221;default&#8221; transform_scale=&#8221;80%|80%&#8221; custom_margin=&#8221;||20px||false|false&#8221; transform_styles__hover_enabled=&#8221;on|hover&#8221; transform_scale__hover_enabled=&#8221;on|hover&#8221; transform_translate__hover_enabled=&#8221;on|desktop&#8221; transform_rotate__hover_enabled=&#8221;on|desktop&#8221; transform_skew__hover_enabled=&#8221;on|desktop&#8221; transform_origin__hover_enabled=&#8221;on|desktop&#8221; transform_scale__hover=&#8221;86%|86%&#8221;][\/et_pb_image][et_pb_text _builder_version=&#8221;4.9.2&#8243; _module_preset=&#8221;default&#8221; text_font=&#8221;Lato|700|||||||&#8221; text_font_size=&#8221;13px&#8221; custom_margin=&#8221;-25px||||false|false&#8221;]<\/p>\n<p style=\"text-align: center;\">FASHION<\/p>\n<p>[\/et_pb_text][\/et_pb_column][et_pb_column type=&#8221;1_5&#8243; _builder_version=&#8221;4.9.2&#8243; _module_preset=&#8221;default&#8221;][et_pb_image src=&#8221;https:\/\/w-go.hu\/wp-content\/uploads\/2022\/03\/lakberendezes.png&#8221; title_text=&#8221;lakberendezes&#8221; show_bottom_space=&#8221;off&#8221; force_fullwidth=&#8221;on&#8221; _builder_version=&#8221;4.9.2&#8243; _module_preset=&#8221;default&#8221; transform_scale=&#8221;80%|80%&#8221; custom_margin=&#8221;||20px||false|false&#8221; transform_styles__hover_enabled=&#8221;on|hover&#8221; transform_scale__hover_enabled=&#8221;on|hover&#8221; transform_translate__hover_enabled=&#8221;on|desktop&#8221; transform_rotate__hover_enabled=&#8221;on|desktop&#8221; transform_skew__hover_enabled=&#8221;on|desktop&#8221; transform_origin__hover_enabled=&#8221;on|desktop&#8221; transform_scale__hover=&#8221;86%|86%&#8221;][\/et_pb_image][et_pb_text _builder_version=&#8221;4.9.2&#8243; _module_preset=&#8221;default&#8221; text_font=&#8221;Lato|700|||||||&#8221; text_font_size=&#8221;13px&#8221; custom_margin=&#8221;-25px||||false|false&#8221;]<\/p>\n<p style=\"text-align: center;\">HOME FURNISHING<\/p>\n<p>[\/et_pb_text][\/et_pb_column][et_pb_column type=&#8221;1_5&#8243; _builder_version=&#8221;4.9.2&#8243; _module_preset=&#8221;default&#8221;][et_pb_image src=&#8221;https:\/\/w-go.hu\/wp-content\/uploads\/2022\/03\/egyeb.png&#8221; title_text=&#8221;egyeb&#8221; show_bottom_space=&#8221;off&#8221; force_fullwidth=&#8221;on&#8221; _builder_version=&#8221;4.9.2&#8243; _module_preset=&#8221;default&#8221; transform_scale=&#8221;80%|80%&#8221; custom_margin=&#8221;||20px||false|false&#8221; transform_styles__hover_enabled=&#8221;on|hover&#8221; transform_scale__hover_enabled=&#8221;on|hover&#8221; transform_translate__hover_enabled=&#8221;on|desktop&#8221; transform_rotate__hover_enabled=&#8221;on|desktop&#8221; transform_skew__hover_enabled=&#8221;on|desktop&#8221; transform_origin__hover_enabled=&#8221;on|desktop&#8221; transform_scale__hover=&#8221;86%|86%&#8221;][\/et_pb_image][et_pb_text _builder_version=&#8221;4.9.2&#8243; _module_preset=&#8221;default&#8221; text_font=&#8221;Lato|700|||||||&#8221; text_font_size=&#8221;13px&#8221; custom_margin=&#8221;-25px||||false|false&#8221;]<\/p>\n<p style=\"text-align: center;\">OTHER<\/p>\n<p>[\/et_pb_text][\/et_pb_column][\/et_pb_row][\/et_pb_section][et_pb_section fb_built=&#8221;1&#8243; _builder_version=&#8221;4.9.2&#8243; _module_preset=&#8221;default&#8221; use_background_color_gradient=&#8221;off&#8221; custom_padding=&#8221;4px||6px|||&#8221;][et_pb_row column_structure=&#8221;1_2,1_2&#8243; custom_padding_last_edited=&#8221;on|phone&#8221; _builder_version=&#8221;4.9.2&#8243; _module_preset=&#8221;default&#8221; custom_padding_tablet=&#8221;&#8221; custom_padding_phone=&#8221;0px||||false|false&#8221;][et_pb_column type=&#8221;1_2&#8243; _builder_version=&#8221;4.9.2&#8243; _module_preset=&#8221;default&#8221;][et_pb_text _builder_version=&#8221;4.9.2&#8243; _module_preset=&#8221;default&#8221; text_text_color=&#8221;#000000&#8243; text_line_height=&#8221;1.4em&#8221; header_font=&#8221;|800|||||||&#8221; header_line_height=&#8221;2.5em&#8221;]<\/p>\n<h1 style=\"text-align: justify;\">ABOUT US<\/h1>\n<p style=\"text-align: justify;\">The Perla Shopping Center is located in the Southern Great Plain region, in a town called Soltvadkert, near Kisk\u0151r\u00f6s. The Shopping Center is located at 110 Kossuth Lajos street, close to the access of highway 53 and 54. It is becoming an innovative one-storey shopping center with a friendly atmosphere and has all the key features that makes it the most popular and outstanding shopping center in the area.<\/p>\n<p style=\"text-align: justify;\">A complete renovation of the shopping center is underway to make it true to its name: a real \"jewel\" in the region. The reconstruction and renovation work is expected to be completed by the end of 2022.<\/p>\n<p style=\"text-align: justify;\">Over 5,000 square meters of space will house market-leading retail chains, including a popular hypermarket, a drugstore, home furnishing, women's, men's and children's fashion, and other retail outlets unique to the area. We have reimagined an exciting, diverse, people-oriented shopping center where spending time is a pleasure.<\/p>\n<p style=\"text-align: justify;\">For the convenience of shoppers there is an adequate number of free parking spaces. It is important for us that our developments attract those multinational companies to the area that are essential and valuable to consumers, making Soltvadkert an even more inviting place to settle in. We are confident that creating new jobs will also serve the development of the community.<\/p>\n<p>Be our partner for your success!<\/p>\n<p>&nbsp;<\/p>\n<p>[\/et_pb_text][\/et_pb_column][et_pb_column type=&#8221;1_2&#8243; _builder_version=&#8221;4.9.2&#8243; _module_preset=&#8221;default&#8221;][et_pb_image src=&#8221;https:\/\/w-go.hu\/wp-content\/uploads\/2022\/03\/PERLA.jpg&#8221; title_text=&#8221;PERLA&#8221; _builder_version=&#8221;4.9.2&#8243; _module_preset=&#8221;default&#8221; custom_padding=&#8221;121px|||||&#8221; custom_padding_tablet=&#8221;&#8221; custom_padding_phone=&#8221;0px||||false|false&#8221; custom_padding_last_edited=&#8221;on|phone&#8221; animation_style=&#8221;zoom&#8221;][\/et_pb_image][\/et_pb_column][\/et_pb_row][\/et_pb_section][et_pb_section fb_built=&#8221;1&#8243; admin_label=&#8221;Features&#8221; _builder_version=&#8221;4.9.2&#8243; background_color=&#8221;#e7ebee&#8221; use_background_color_gradient=&#8221;off&#8221; custom_padding=&#8221;30px|0px|30px|0px||&#8221;][et_pb_row column_structure=&#8221;1_2,1_2&#8243; _builder_version=&#8221;4.9.2&#8243; _module_preset=&#8221;default&#8221;][et_pb_column type=&#8221;1_2&#8243; _builder_version=&#8221;4.9.2&#8243; _module_preset=&#8221;default&#8221;][et_pb_image src=&#8221;https:\/\/w-go.hu\/wp-content\/uploads\/2022\/03\/AdobeStock_209550434-Frame.jpg&#8221; title_text=&#8221;AdobeStock_209550434 Frame&#8221; _builder_version=&#8221;4.9.2&#8243; _module_preset=&#8221;default&#8221; animation_style=&#8221;zoom&#8221;][\/et_pb_image][\/et_pb_column][et_pb_column type=&#8221;1_2&#8243; _builder_version=&#8221;4.9.2&#8243; _module_preset=&#8221;default&#8221;][et_pb_text _builder_version=&#8221;4.9.2&#8243; _module_preset=&#8221;default&#8221; text_font=&#8221;|600|||||||&#8221; text_font_size=&#8221;15px&#8221; ul_line_height=&#8221;2em&#8221; header_4_font=&#8221;|800|||||||&#8221; header_4_font_size=&#8221;32px&#8221;]<\/p>\n<h4>SERVICES<\/h4>\n<p>&nbsp;<\/p>\n<ul>\n<li>24-hour security service<\/li>\n<li>Tailor made rentals, flexible partitioning, interior design<\/li>\n<li>Extended opening hours<\/li>\n<li>Free parking<\/li>\n<\/ul>\n<p>[\/et_pb_text][\/et_pb_column][\/et_pb_row][\/et_pb_section][et_pb_section fb_built=&#8221;1&#8243; _builder_version=&#8221;4.9.2&#8243; _module_preset=&#8221;default&#8221; use_background_color_gradient=&#8221;off&#8221; background_enable_image=&#8221;off&#8221; custom_padding=&#8221;35px||5px|||&#8221;][et_pb_row _builder_version=&#8221;4.9.2&#8243; _module_preset=&#8221;default&#8221; custom_margin=&#8221;-13px|auto||auto||&#8221;][et_pb_column type=&#8221;4_4&#8243; _builder_version=&#8221;4.9.2&#8243; _module_preset=&#8221;default&#8221;][et_pb_text _builder_version=&#8221;4.9.2&#8243; _module_preset=&#8221;default&#8221; text_font=&#8221;||||||||&#8221; header_2_font=&#8221;|800|||||||&#8221; header_2_font_size=&#8221;35px&#8221;]<\/p>\n<h2 style=\"text-align: center;\">PROPERTIES FOR RENT<\/h2>\n<p style=\"text-align: center;\">For the list of available properties, please contact us by email or phone, or visit our Facebook page:<\/p>\n<p style=\"text-align: center;\"><a href=\"\/en\/#kapcsolat\"><img loading=\"lazy\" decoding=\"async\" src=\"https:\/\/w-go.hu\/wp-content\/uploads\/2022\/03\/call.png\" width=\"75\" height=\"75\" alt=\"\" class=\"wp-image-470 alignnone size-medium\" \/><\/a>\u00a0 \u00a0<a href=\"\/en\/#kapcsolat\"><img loading=\"lazy\" decoding=\"async\" src=\"https:\/\/w-go.hu\/wp-content\/uploads\/2022\/03\/email.png\" width=\"75\" height=\"75\" alt=\"\" class=\"wp-image-471 alignnone size-medium\" \/><\/a>\u00a0 \u00a0<a href=\"https:\/\/facebook.com\"><img loading=\"lazy\" decoding=\"async\" src=\"https:\/\/w-go.hu\/wp-content\/uploads\/2022\/03\/facebook.png\" width=\"76\" height=\"76\" alt=\"\" class=\"wp-image-469 alignnone size-full\" \/><\/a><\/p>\n<p>[\/et_pb_text][\/et_pb_column][\/et_pb_row][\/et_pb_section][et_pb_section fb_built=&#8221;1&#8243; admin_label=&#8221;Features&#8221; _builder_version=&#8221;4.9.2&#8243; background_color=&#8221;#e7ebee&#8221; use_background_color_gradient=&#8221;off&#8221; custom_padding=&#8221;21px|0px|29px|0px||&#8221;][et_pb_row _builder_version=&#8221;4.9.2&#8243; width=&#8221;40%&#8221; width_tablet=&#8221;&#8221; width_phone=&#8221;70%&#8221; width_last_edited=&#8221;on|phone&#8221; max_width=&#8221;1440px&#8221; custom_margin=&#8221;|||&#8221; use_custom_width=&#8221;on&#8221; custom_width_px=&#8221;1440px&#8221;][et_pb_column type=&#8221;4_4&#8243; _builder_version=&#8221;3.25&#8243; custom_padding=&#8221;|||&#8221; custom_padding__hover=&#8221;|||&#8221;][et_pb_blurb title=&#8221;Dan Ipari Park | Budapest XI. ker\u00fclet&#8221; url=&#8221;\/DanPark\/&#8221; image=&#8221;https:\/\/w-go.hu\/wp-content\/uploads\/2022\/02\/danpark-color_1062345.jpg&#8221; content_max_width=&#8221;900px&#8221; module_class=&#8221;PROJEKTJEINK&#8221; _builder_version=&#8221;4.9.2&#8243; header_font=&#8221;Lato|700|||||||&#8221; header_text_color=&#8221;#696a6a&#8221; header_font_size=&#8221;25px&#8221; header_line_height=&#8221;1.4em&#8221; body_font=&#8221;Lato||||||||&#8221; body_text_color=&#8221;#000000&#8243; body_font_size=&#8221;12px&#8221; body_line_height=&#8221;1.6em&#8221; background_color=&#8221;#ffffff&#8221; text_orientation=&#8221;center&#8221; min_height=&#8221;520px&#8221; min_height_tablet=&#8221;&#8221; min_height_phone=&#8221;490px&#8221; min_height_last_edited=&#8221;on|phone&#8221; child_filter_saturate=&#8221;0%&#8221; animation=&#8221;off&#8221; hover_transition_speed_curve=&#8221;ease-in&#8221; link_option_url=&#8221;\/DanPark\/&#8221; border_radii=&#8221;on|10px|10px|10px|10px&#8221; box_shadow_style=&#8221;preset1&#8243; box_shadow_color=&#8221;rgba(0,0,0,0.04)&#8221; child_filter_saturate__hover_enabled=&#8221;on|hover&#8221; child_filter_saturate__hover=&#8221;100%&#8221; child_filter_hue_rotate__hover_enabled=&#8221;on|desktop&#8221; border_width_all_image__hover_enabled=&#8221;on|hover&#8221; transform_styles__hover_enabled=&#8221;on|hover&#8221; transform_scale__hover_enabled=&#8221;on|hover&#8221; transform_translate__hover_enabled=&#8221;on|desktop&#8221; transform_rotate__hover_enabled=&#8221;on|desktop&#8221; transform_skew__hover_enabled=&#8221;on|desktop&#8221; transform_origin__hover_enabled=&#8221;on|desktop&#8221; transform_scale__hover=&#8221;105%|105%&#8221;]<\/p>\n<h4><span style=\"font-weight: 400;\">\u00a0\u00a0<\/span><\/h4>\n<p><span style=\"font-weight: 400;\">Warehouses, offices, showrooms and retail space on a nearly 39 000m\u00b2, a real estate complex in 10 different buildings.<\/span><\/p>\n<p><span style=\"font-weight: 400;\"><img loading=\"lazy\" decoding=\"async\" src=\"https:\/\/w-go.hu\/wp-content\/uploads\/2022\/02\/gomb.png\" width=\"176\" height=\"37\" alt=\"\" class=\"wp-image-310 alignnone size-full\" \/><br \/><\/span><\/p>\n<p><span style=\"font-weight: 400;\"><\/span><\/p>\n<p>[\/et_pb_blurb][\/et_pb_column][\/et_pb_row][\/et_pb_section]<\/p>","protected":false},"excerpt":{"rendered":"<p>COMING SOON | Soltvadkert 2022. 10. 13.\u00c9LELMISZERKOZMETIKUMDIVATLAKBERENDEZ\u00c9SEGY\u00c9BR\u00d3LUNK A Perla Bev\u00e1s\u00e1rl\u00f3k\u00f6zpont a D\u00e9l-Alf\u00f6ldi r\u00e9gi\u00f3ban, Soltvadkert telep\u00fcl\u00e9s Kisk\u0151r\u00f6s fel\u0151li v\u00e9g\u00e9n tal\u00e1lhat\u00f3. Az 53-54-es f\u0151utak k\u00f6z\u00f6s v\u00e1rosi bevezet\u0151 szakasz\u00e1nak ment\u00e9n a Kossuth Lajos utca 110. sz\u00e1m alatt helyezkedik el. A bar\u00e1ts\u00e1gos \u00e9s egyben innovat\u00edv egyszintes bev\u00e1s\u00e1rl\u00f3k\u00f6zpont rendelkezik minden olyan tulajdons\u00e1ggal, mely a k\u00f6rny\u00e9k legkedveltebb \u00e9s legn\u00e9pszer\u0171bb bev\u00e1s\u00e1rl\u00f3k\u00f6zpontj\u00e1v\u00e1 teheti. [&hellip;]<\/p>","protected":false},"author":1,"featured_media":0,"parent":0,"menu_order":0,"comment_status":"closed","ping_status":"closed","template":"","meta":{"_et_pb_use_builder":"on","_et_pb_old_content":"","_et_gb_content_width":"","footnotes":""},"class_list":["post-433","page","type-page","status-publish","hentry"],"_links":{"self":[{"href":"https:\/\/w-go.hu\/en\/wp-json\/wp\/v2\/pages\/433","targetHints":{"allow":["GET"]}}],"collection":[{"href":"https:\/\/w-go.hu\/en\/wp-json\/wp\/v2\/pages"}],"about":[{"href":"https:\/\/w-go.hu\/en\/wp-json\/wp\/v2\/types\/page"}],"author":[{"embeddable":true,"href":"https:\/\/w-go.hu\/en\/wp-json\/wp\/v2\/users\/1"}],"replies":[{"embeddable":true,"href":"https:\/\/w-go.hu\/en\/wp-json\/wp\/v2\/comments?post=433"}],"version-history":[{"count":35,"href":"https:\/\/w-go.hu\/en\/wp-json\/wp\/v2\/pages\/433\/revisions"}],"predecessor-version":[{"id":641,"href":"https:\/\/w-go.hu\/en\/wp-json\/wp\/v2\/pages\/433\/revisions\/641"}],"wp:attachment":[{"href":"https:\/\/w-go.hu\/en\/wp-json\/wp\/v2\/media?parent=433"}],"curies":[{"name":"wp","href":"https:\/\/api.w.org\/{rel}","templated":true}]}}