{"id":498,"date":"2022-03-27T18:52:55","date_gmt":"2022-03-27T18:52:55","guid":{"rendered":"https:\/\/w-go.hu\/?page_id=498"},"modified":"2022-04-02T18:56:16","modified_gmt":"2022-04-02T18:56:16","slug":"danpark","status":"publish","type":"page","link":"https:\/\/w-go.hu\/en\/danpark\/","title":{"rendered":"DanPark"},"content":{"rendered":"<p>[et_pb_section fb_built=&#8221;1&#8243; admin_label=&#8221;Hero section&#8221; _builder_version=&#8221;4.9.2&#8243; use_background_color_gradient=&#8221;off&#8221; background_image=&#8221;https:\/\/w-go.hu\/wp-content\/uploads\/2022\/03\/1062345.jpg&#8221; background_position=&#8221;bottom_center&#8221; min_height=&#8221;597.3px&#8221; min_height_tablet=&#8221;&#8221; min_height_phone=&#8221;390px&#8221; min_height_last_edited=&#8221;on|phone&#8221; custom_margin=&#8221;|||&#8221; custom_padding=&#8221;3.9%||3.9%||true|&#8221;][et_pb_row _builder_version=&#8221;4.9.2&#8243; custom_margin=&#8221;|||&#8221; animation_style=&#8221;fade&#8221;][et_pb_column type=&#8221;4_4&#8243; _builder_version=&#8221;3.25&#8243; custom_padding=&#8221;1px|||&#8221; custom_padding__hover=&#8221;|||&#8221;][et_pb_cta title=&#8221;DAN \u00dcZLETI PARK&#8221; button_url=&#8221;#&#8221; _builder_version=&#8221;4.9.2&#8243; header_level=&#8221;h1&#8243; header_font=&#8221;Lato|900||on|||||&#8221; header_text_align=&#8221;center&#8221; header_font_size=&#8221;55px&#8221; header_letter_spacing=&#8221;2px&#8221; header_line_height=&#8221;1.2em&#8221; body_font=&#8221;Lato||||||||&#8221; body_font_size=&#8221;17px&#8221; body_line_height=&#8221;1.8em&#8221; use_background_color=&#8221;off&#8221; custom_button=&#8221;on&#8221; button_text_size=&#8221;16px&#8221; button_text_color=&#8221;#ffffff&#8221; button_bg_color=&#8221;#ff9e28&#8243; button_border_width=&#8221;8px&#8221; button_border_color=&#8221;RGBA(0,0,0,0)&#8221; button_border_radius=&#8221;3px&#8221; button_letter_spacing=&#8221;2px&#8221; button_font=&#8221;Lato|700||on|||||&#8221; button_use_icon=&#8221;off&#8221; button_custom_margin=&#8221;0px||||false|false&#8221; button_custom_padding=&#8221;0px|35px|0px|35px|false|false&#8221; module_alignment=&#8221;left&#8221; custom_padding=&#8221;|0px||0px||&#8221; header_font_size_tablet=&#8221;46px&#8221; header_font_size_phone=&#8221;36px&#8221; header_font_size_last_edited=&#8221;on|tablet&#8221; header_text_shadow_style=&#8221;preset1&#8243; header_text_shadow_blur_strength=&#8221;0.6em&#8221; header_text_shadow_color=&#8221;rgba(0,0,0,0.36)&#8221; body_text_shadow_style=&#8221;preset1&#8243; body_text_shadow_blur_strength=&#8221;1.08em&#8221; button_letter_spacing_hover=&#8221;2px&#8221; button_text_size__hover_enabled=&#8221;off&#8221; button_one_text_size__hover_enabled=&#8221;off&#8221; button_two_text_size__hover_enabled=&#8221;off&#8221; button_text_color__hover_enabled=&#8221;off&#8221; button_one_text_color__hover_enabled=&#8221;off&#8221; button_two_text_color__hover_enabled=&#8221;off&#8221; button_border_width__hover_enabled=&#8221;off&#8221; button_one_border_width__hover_enabled=&#8221;off&#8221; button_two_border_width__hover_enabled=&#8221;off&#8221; button_border_color__hover_enabled=&#8221;off&#8221; button_one_border_color__hover_enabled=&#8221;off&#8221; button_two_border_color__hover_enabled=&#8221;off&#8221; button_border_radius__hover_enabled=&#8221;off&#8221; button_one_border_radius__hover_enabled=&#8221;off&#8221; button_two_border_radius__hover_enabled=&#8221;off&#8221; button_letter_spacing__hover_enabled=&#8221;on&#8221; button_letter_spacing__hover=&#8221;2px&#8221; button_one_letter_spacing__hover_enabled=&#8221;off&#8221; button_two_letter_spacing__hover_enabled=&#8221;off&#8221; button_bg_color__hover_enabled=&#8221;off&#8221; button_one_bg_color__hover_enabled=&#8221;off&#8221; button_two_bg_color__hover_enabled=&#8221;off&#8221;]<\/p>\n<p style=\"text-align: center;\">11th district of Budapest<\/p>\n<p>[\/et_pb_cta][\/et_pb_column][\/et_pb_row][\/et_pb_section][et_pb_section fb_built=&#8221;1&#8243; _builder_version=&#8221;4.9.2&#8243; _module_preset=&#8221;default&#8221; use_background_color_gradient=&#8221;off&#8221; custom_padding=&#8221;||3px|||&#8221;][et_pb_row column_structure=&#8221;1_5,1_5,1_5,1_5,1_5&#8243; use_custom_gutter=&#8221;on&#8221; gutter_width=&#8221;1&#8243; disabled_on=&#8221;on|off|off&#8221; _builder_version=&#8221;4.9.2&#8243; _module_preset=&#8221;default&#8221; width=&#8221;50%&#8221; width_tablet=&#8221;&#8221; width_phone=&#8221;25%&#8221; width_last_edited=&#8221;on|phone&#8221; custom_margin=&#8221;-164px|auto||auto||&#8221;][et_pb_column type=&#8221;1_5&#8243; _builder_version=&#8221;4.9.2&#8243; _module_preset=&#8221;default&#8221;][et_pb_image src=&#8221;https:\/\/w-go.hu\/wp-content\/uploads\/2022\/03\/raktarozas.png&#8221; title_text=&#8221;raktarozas&#8221; show_bottom_space=&#8221;off&#8221; force_fullwidth=&#8221;on&#8221; _builder_version=&#8221;4.9.2&#8243; _module_preset=&#8221;default&#8221; transform_scale=&#8221;80%|80%&#8221; custom_margin=&#8221;||20px||false|false&#8221; transform_styles__hover_enabled=&#8221;on|hover&#8221; transform_scale__hover_enabled=&#8221;on|hover&#8221; transform_translate__hover_enabled=&#8221;on|desktop&#8221; transform_rotate__hover_enabled=&#8221;on|desktop&#8221; transform_skew__hover_enabled=&#8221;on|desktop&#8221; transform_origin__hover_enabled=&#8221;on|desktop&#8221; transform_scale__hover=&#8221;85%|85%&#8221;][\/et_pb_image][et_pb_text _builder_version=&#8221;4.9.2&#8243; _module_preset=&#8221;default&#8221; text_font=&#8221;Lato|700|||||||&#8221; text_font_size=&#8221;13px&#8221; custom_margin=&#8221;-25px||||false|false&#8221;]<\/p>\n<p style=\"text-align: center;\">STORAGE<\/p>\n<p>[\/et_pb_text][\/et_pb_column][et_pb_column type=&#8221;1_5&#8243; _builder_version=&#8221;4.9.2&#8243; _module_preset=&#8221;default&#8221;][et_pb_image src=&#8221;https:\/\/w-go.hu\/wp-content\/uploads\/2022\/03\/logisztika.png&#8221; title_text=&#8221;logisztika&#8221; show_bottom_space=&#8221;off&#8221; force_fullwidth=&#8221;on&#8221; _builder_version=&#8221;4.9.2&#8243; _module_preset=&#8221;default&#8221; transform_scale=&#8221;80%|80%&#8221; custom_margin=&#8221;||20px||false|false&#8221; transform_styles__hover_enabled=&#8221;on|hover&#8221; transform_scale__hover_enabled=&#8221;on|hover&#8221; transform_translate__hover_enabled=&#8221;on|desktop&#8221; transform_rotate__hover_enabled=&#8221;on|desktop&#8221; transform_skew__hover_enabled=&#8221;on|desktop&#8221; transform_origin__hover_enabled=&#8221;on|desktop&#8221; transform_scale__hover=&#8221;86%|86%&#8221;][\/et_pb_image][et_pb_text _builder_version=&#8221;4.9.2&#8243; _module_preset=&#8221;default&#8221; text_font=&#8221;Lato|700|||||||&#8221; text_font_size=&#8221;13px&#8221; custom_margin=&#8221;-25px||||false|false&#8221;]<\/p>\n<p style=\"text-align: center;\">LOGISTICS<\/p>\n<p>[\/et_pb_text][\/et_pb_column][et_pb_column type=&#8221;1_5&#8243; _builder_version=&#8221;4.9.2&#8243; _module_preset=&#8221;default&#8221;][et_pb_image src=&#8221;https:\/\/w-go.hu\/wp-content\/uploads\/2022\/03\/kereskedelem.png&#8221; title_text=&#8221;kereskedelem&#8221; show_bottom_space=&#8221;off&#8221; force_fullwidth=&#8221;on&#8221; _builder_version=&#8221;4.9.2&#8243; _module_preset=&#8221;default&#8221; transform_scale=&#8221;80%|80%&#8221; custom_margin=&#8221;||20px||false|false&#8221; transform_styles__hover_enabled=&#8221;on|hover&#8221; transform_scale__hover_enabled=&#8221;on|hover&#8221; transform_translate__hover_enabled=&#8221;on|desktop&#8221; transform_rotate__hover_enabled=&#8221;on|desktop&#8221; transform_skew__hover_enabled=&#8221;on|desktop&#8221; transform_origin__hover_enabled=&#8221;on|desktop&#8221; transform_scale__hover=&#8221;86%|86%&#8221;][\/et_pb_image][et_pb_text _builder_version=&#8221;4.9.2&#8243; _module_preset=&#8221;default&#8221; text_font=&#8221;Lato|700|||||||&#8221; text_font_size=&#8221;13px&#8221; custom_margin=&#8221;-25px||||false|false&#8221;]<\/p>\n<p style=\"text-align: center;\">COMMERCE<\/p>\n<p>[\/et_pb_text][\/et_pb_column][et_pb_column type=&#8221;1_5&#8243; _builder_version=&#8221;4.9.2&#8243; _module_preset=&#8221;default&#8221;][et_pb_image src=&#8221;https:\/\/w-go.hu\/wp-content\/uploads\/2022\/03\/gyartas.png&#8221; title_text=&#8221;gyartas&#8221; show_bottom_space=&#8221;off&#8221; force_fullwidth=&#8221;on&#8221; _builder_version=&#8221;4.9.2&#8243; _module_preset=&#8221;default&#8221; transform_scale=&#8221;80%|80%&#8221; custom_margin=&#8221;||20px||false|false&#8221; transform_styles__hover_enabled=&#8221;on|hover&#8221; transform_scale__hover_enabled=&#8221;on|hover&#8221; transform_translate__hover_enabled=&#8221;on|desktop&#8221; transform_rotate__hover_enabled=&#8221;on|desktop&#8221; transform_skew__hover_enabled=&#8221;on|desktop&#8221; transform_origin__hover_enabled=&#8221;on|desktop&#8221; transform_scale__hover=&#8221;86%|86%&#8221;][\/et_pb_image][et_pb_text _builder_version=&#8221;4.9.2&#8243; _module_preset=&#8221;default&#8221; text_font=&#8221;Lato|700|||||||&#8221; text_font_size=&#8221;13px&#8221; custom_margin=&#8221;-25px||||false|false&#8221;]<\/p>\n<p style=\"text-align: center;\">PRODUCTION<\/p>\n<p>[\/et_pb_text][\/et_pb_column][et_pb_column type=&#8221;1_5&#8243; _builder_version=&#8221;4.9.2&#8243; _module_preset=&#8221;default&#8221;][et_pb_image src=&#8221;https:\/\/w-go.hu\/wp-content\/uploads\/2022\/03\/iroda.png&#8221; title_text=&#8221;iroda&#8221; show_bottom_space=&#8221;off&#8221; force_fullwidth=&#8221;on&#8221; _builder_version=&#8221;4.9.2&#8243; _module_preset=&#8221;default&#8221; transform_scale=&#8221;80%|80%&#8221; custom_margin=&#8221;||20px||false|false&#8221; transform_styles__hover_enabled=&#8221;on|hover&#8221; transform_scale__hover_enabled=&#8221;on|hover&#8221; transform_translate__hover_enabled=&#8221;on|desktop&#8221; transform_rotate__hover_enabled=&#8221;on|desktop&#8221; transform_skew__hover_enabled=&#8221;on|desktop&#8221; transform_origin__hover_enabled=&#8221;on|desktop&#8221; transform_scale__hover=&#8221;86%|86%&#8221;][\/et_pb_image][et_pb_text _builder_version=&#8221;4.9.2&#8243; _module_preset=&#8221;default&#8221; text_font=&#8221;Lato|700|||||||&#8221; text_font_size=&#8221;13px&#8221; custom_margin=&#8221;-25px||||false|false&#8221;]<\/p>\n<p style=\"text-align: center;\">OFFICE<\/p>\n<p>[\/et_pb_text][\/et_pb_column][\/et_pb_row][\/et_pb_section][et_pb_section fb_built=&#8221;1&#8243; _builder_version=&#8221;4.9.2&#8243; _module_preset=&#8221;default&#8221; use_background_color_gradient=&#8221;off&#8221; custom_padding=&#8221;4px||6px|||&#8221;][et_pb_row column_structure=&#8221;1_2,1_2&#8243; _builder_version=&#8221;4.9.2&#8243; _module_preset=&#8221;default&#8221; custom_padding=&#8221;||48px|||&#8221;][et_pb_column type=&#8221;1_2&#8243; _builder_version=&#8221;4.9.2&#8243; _module_preset=&#8221;default&#8221;][et_pb_text _builder_version=&#8221;4.9.2&#8243; _module_preset=&#8221;default&#8221; text_text_color=&#8221;#000000&#8243; text_line_height=&#8221;1.4em&#8221; header_font=&#8221;|800|||||||&#8221; header_line_height=&#8221;2.5em&#8221; header_3_font=&#8221;|700|||||||&#8221;]<\/p>\n<h3 style=\"text-align: justify;\">REAL ESTATE:<\/h3>\n<p style=\"text-align: justify;\">10 buildings with warehouses, offices, showrooms and retail space are available to current and potential tenants on a nearly 13 000 m\u00b2 floor space in the 39 000 m\u00b2 complex.<\/p>\n<p style=\"text-align: justify;\">The buildings are surrounded by an extensive network of roads, parking areas and green areas. The property runs with all public utilities, the offices are air-conditioned and plenty of natural light is given.<\/p>\n<p style=\"text-align: justify;\">The buildings are surrounded by an extensive network of roads, parking areas and green areas. The property runs with all public utilities, the offices are air-conditioned and plenty of natural light is given.<\/p>\n<h3 style=\"text-align: justify;\">DIRECTIONS:<\/h3>\n<p style=\"text-align: justify;\">The main entrance of Dan Business Park is located in the 11th district, at 17-25, Vegy\u00e9sz street. The property complex is easily accessible from Hunyadi J\u00e1nos road, Szer\u00e9mi road and Mez\u0151k\u00f6vesdi road - that provides connections to the M0 ring-road, to the Nb. 6 motorway and to the M1 and M7 motorways leading out of the city.<\/p>\n<p style=\"text-align: justify;\">Feh\u00e9rv\u00e1ri road, Szer\u00e9mi road or Budafoki road-Hunyadi J\u00e1nos road is suitable for regular traffic, while the proximity of motorways, R\u00e1k\u00f3czi Bridge and the surrounding road network developments benefits for freight traffic.<\/p>\n<p>[\/et_pb_text][\/et_pb_column][et_pb_column type=&#8221;1_2&#8243; _builder_version=&#8221;4.9.2&#8243; _module_preset=&#8221;default&#8221;][et_pb_gallery gallery_ids=&#8221;505,506,507&#8243; fullwidth=&#8221;on&#8221; _builder_version=&#8221;4.9.2&#8243; _module_preset=&#8221;default&#8221; custom_margin=&#8221;65px|||||&#8221; custom_padding=&#8221;0px|||||&#8221; animation_style=&#8221;zoom&#8221; auto=&#8221;on&#8221; auto_speed=&#8221;3000&#8243; hover_enabled=&#8221;0&#8243; custom_margin_last_edited=&#8221;on|phone&#8221; custom_margin_phone=&#8221;0px||||false|false&#8221; sticky_enabled=&#8221;0&#8243;][\/et_pb_gallery][\/et_pb_column][\/et_pb_row][\/et_pb_section][et_pb_section fb_built=&#8221;1&#8243; admin_label=&#8221;Features&#8221; _builder_version=&#8221;4.9.2&#8243; background_color=&#8221;#e7ebee&#8221; use_background_color_gradient=&#8221;off&#8221; custom_padding=&#8221;30px|0px|30px|0px||&#8221;][et_pb_row column_structure=&#8221;1_2,1_2&#8243; _builder_version=&#8221;4.9.2&#8243; _module_preset=&#8221;default&#8221; custom_margin=&#8221;|auto|-22px|auto||&#8221;][et_pb_column type=&#8221;1_2&#8243; _builder_version=&#8221;4.9.2&#8243; _module_preset=&#8221;default&#8221;][et_pb_image src=&#8221;https:\/\/w-go.hu\/wp-content\/uploads\/2022\/03\/szolgaltatasok_1062733-2.jpg&#8221; title_text=&#8221;szolgaltatasok_1062733-2&#8243; _builder_version=&#8221;4.9.2&#8243; _module_preset=&#8221;default&#8221; animation_style=&#8221;zoom&#8221;][\/et_pb_image][\/et_pb_column][et_pb_column type=&#8221;1_2&#8243; _builder_version=&#8221;4.9.2&#8243; _module_preset=&#8221;default&#8221;][et_pb_text _builder_version=&#8221;4.9.2&#8243; _module_preset=&#8221;default&#8221; text_font=&#8221;|600|||||||&#8221; text_font_size=&#8221;15px&#8221; ul_line_height=&#8221;2em&#8221; header_4_font=&#8221;|800|||||||&#8221; header_4_font_size=&#8221;32px&#8221;]<\/p>\n<h4>SERVICES<\/h4>\n<p>&nbsp;<\/p>\n<ul>\n<li>24-hour reception<\/li>\n<li>24-hour security service<\/li>\n<li>Tailor made rentals, flexible partitioning, interior design<\/li>\n<li>Canteen in the Park is open from 7 a.m. to 3 p.m.<\/li>\n<li>Free and rental parking within the Park<\/li>\n<li>Free parking on Vegy\u00e9sz street<\/li>\n<li>Maintenance service available every weekday from 8:00 to 16:00<\/li>\n<li>Pickup and delivery of mails and packages<\/li>\n<\/ul>\n<p>[\/et_pb_text][\/et_pb_column][\/et_pb_row][\/et_pb_section][et_pb_section fb_built=&#8221;1&#8243; _builder_version=&#8221;4.9.2&#8243; _module_preset=&#8221;default&#8221; use_background_color_gradient=&#8221;off&#8221; background_enable_image=&#8221;off&#8221; custom_padding=&#8221;35px||5px|||&#8221;][et_pb_row _builder_version=&#8221;4.9.2&#8243; _module_preset=&#8221;default&#8221; custom_margin=&#8221;-13px|auto||auto||&#8221;][et_pb_column type=&#8221;4_4&#8243; _builder_version=&#8221;4.9.2&#8243; _module_preset=&#8221;default&#8221;][et_pb_text _builder_version=&#8221;4.9.2&#8243; _module_preset=&#8221;default&#8221; text_font=&#8221;||||||||&#8221; header_2_font=&#8221;|800|||||||&#8221; header_2_font_size=&#8221;35px&#8221;]<\/p>\n<h2 style=\"text-align: center;\">PROPERTIES FOR RENT<\/h2>\n<p style=\"text-align: center;\">For the list of available properties, please contact us by email or phone, or visit our Facebook page:<\/p>\n<p style=\"text-align: center;\"><a href=\"\/en\/#kapcsolat\"><img loading=\"lazy\" decoding=\"async\" src=\"https:\/\/w-go.hu\/wp-content\/uploads\/2022\/03\/call.png\" width=\"75\" height=\"75\" alt=\"\" class=\"wp-image-470 alignnone size-medium\" \/><\/a>\u00a0 \u00a0<a href=\"\/en\/#kapcsolat\"><img loading=\"lazy\" decoding=\"async\" src=\"https:\/\/w-go.hu\/wp-content\/uploads\/2022\/03\/email.png\" width=\"75\" height=\"75\" alt=\"\" class=\"wp-image-471 alignnone size-medium\" \/><\/a>\u00a0 \u00a0<a href=\"https:\/\/facebook.com\"><img loading=\"lazy\" decoding=\"async\" src=\"https:\/\/w-go.hu\/wp-content\/uploads\/2022\/03\/facebook.png\" width=\"76\" height=\"76\" alt=\"\" class=\"wp-image-469 alignnone size-full\" \/><\/a><\/p>\n<p>[\/et_pb_text][\/et_pb_column][\/et_pb_row][\/et_pb_section][et_pb_section fb_built=&#8221;1&#8243; admin_label=&#8221;Features&#8221; _builder_version=&#8221;4.9.2&#8243; background_color=&#8221;#e7ebee&#8221; use_background_color_gradient=&#8221;off&#8221; custom_padding=&#8221;21px|0px|29px|0px||&#8221;][et_pb_row _builder_version=&#8221;4.9.2&#8243; width=&#8221;40%&#8221; width_tablet=&#8221;&#8221; width_phone=&#8221;70%&#8221; width_last_edited=&#8221;on|phone&#8221; max_width=&#8221;1440px&#8221; custom_margin=&#8221;|||&#8221; use_custom_width=&#8221;on&#8221; custom_width_px=&#8221;1440px&#8221;][et_pb_column type=&#8221;4_4&#8243; _builder_version=&#8221;3.25&#8243; custom_padding=&#8221;|||&#8221; custom_padding__hover=&#8221;|||&#8221;][et_pb_blurb title=&#8221;Perla | Soltvadkert&#8221; url=&#8221;\/soltvadkert&#8221; image=&#8221;https:\/\/w-go.hu\/wp-content\/uploads\/2022\/02\/PERLA-color.jpg&#8221; content_max_width=&#8221;900px&#8221; module_class=&#8221;PROJEKTJEINK&#8221; _builder_version=&#8221;4.9.2&#8243; header_font=&#8221;Lato|700|||||||&#8221; header_text_color=&#8221;#696a6a&#8221; header_font_size=&#8221;25px&#8221; header_line_height=&#8221;1.4em&#8221; body_font=&#8221;Lato||||||||&#8221; body_text_color=&#8221;#000000&#8243; body_font_size=&#8221;15px&#8221; body_line_height=&#8221;1.6em&#8221; background_color=&#8221;#ffffff&#8221; text_orientation=&#8221;center&#8221; min_height=&#8221;520px&#8221; min_height_tablet=&#8221;&#8221; min_height_phone=&#8221;441px&#8221; min_height_last_edited=&#8221;on|phone&#8221; child_filter_saturate=&#8221;0%&#8221; animation=&#8221;off&#8221; hover_transition_speed_curve=&#8221;ease-in&#8221; link_option_url=&#8221;\/soltvadkert&#8221; body_font_size_tablet=&#8221;&#8221; body_font_size_phone=&#8221;13px&#8221; body_font_size_last_edited=&#8221;on|phone&#8221; border_radii=&#8221;on|10px|10px|10px|10px&#8221; box_shadow_style=&#8221;preset1&#8243; box_shadow_color=&#8221;rgba(0,0,0,0.04)&#8221; child_filter_saturate__hover_enabled=&#8221;on|hover&#8221; child_filter_saturate__hover=&#8221;100%&#8221; child_filter_hue_rotate__hover_enabled=&#8221;on|desktop&#8221; border_width_all_image__hover_enabled=&#8221;on|hover&#8221; transform_styles__hover_enabled=&#8221;on|hover&#8221; transform_scale__hover_enabled=&#8221;on|hover&#8221; transform_translate__hover_enabled=&#8221;on|desktop&#8221; transform_rotate__hover_enabled=&#8221;on|desktop&#8221; transform_skew__hover_enabled=&#8221;on|desktop&#8221; transform_origin__hover_enabled=&#8221;on|desktop&#8221; transform_scale__hover=&#8221;105%|105%&#8221;]<\/p>\n<h4><span style=\"font-weight: 400;\">\u00a0\u00a0<\/span><\/h4>\n<p>Numerous market-leading department store chains on more than 5,000 square meters; hypermarket, drugstore, home furnishings, fashion and others.<\/p>\n<p><span style=\"font-weight: 400;\"><img loading=\"lazy\" decoding=\"async\" src=\"https:\/\/w-go.hu\/wp-content\/uploads\/2022\/02\/gomb.png\" width=\"176\" height=\"37\" alt=\"\" class=\"wp-image-310 alignnone size-full\" \/><br \/><\/span><\/p>\n<p><span style=\"font-weight: 400;\"><\/span><\/p>\n<p>[\/et_pb_blurb][\/et_pb_column][\/et_pb_row][\/et_pb_section]<\/p>","protected":false},"excerpt":{"rendered":"<p>Budapest XI. ker\u00fcletRAKT\u00c1ROZ\u00c1SLOGISZTIKAKERESKEDELEMGY\u00c1RT\u00c1SIRODAAZ INGATLAN: A mintegy 39 000 m\u00b2-es ingatlankomplexumban k\u00f6zel 13 000 m\u00b2 alapter\u00fcleten 10 \u00e9p\u00fclet rakt\u00e1rai, irod\u00e1i, bemutat\u00f3termei \u00e9s \u00fczlethelyis\u00e9gei \u00e1llnak a jelenlegi \u00e9s a potenci\u00e1lis b\u00e9rl\u0151k rendelkez\u00e9s\u00e9re. Az \u00e9p\u00fcleteket ki\u00e9p\u00edtett \u00fath\u00e1l\u00f3zat, parkol\u00f3k, valamint f\u00e1kkal, tuj\u00e1kkal be\u00fcltetett, f\u00fcves\u00edtett z\u00f6ldter\u00fclet \u00f6vezi. Az ingatlan \u00f6sszk\u00f6zm\u0171ves, az irod\u00e1k l\u00e9gkondicion\u00e1ltak \u00e9s rengeteg term\u00e9szetes f\u00e9nyt kapnak. A rakt\u00e1r\u00e9p\u00fcletek [&hellip;]<\/p>","protected":false},"author":1,"featured_media":0,"parent":0,"menu_order":0,"comment_status":"closed","ping_status":"closed","template":"","meta":{"_et_pb_use_builder":"on","_et_pb_old_content":"","_et_gb_content_width":"","footnotes":""},"class_list":["post-498","page","type-page","status-publish","hentry"],"_links":{"self":[{"href":"https:\/\/w-go.hu\/en\/wp-json\/wp\/v2\/pages\/498","targetHints":{"allow":["GET"]}}],"collection":[{"href":"https:\/\/w-go.hu\/en\/wp-json\/wp\/v2\/pages"}],"about":[{"href":"https:\/\/w-go.hu\/en\/wp-json\/wp\/v2\/types\/page"}],"author":[{"embeddable":true,"href":"https:\/\/w-go.hu\/en\/wp-json\/wp\/v2\/users\/1"}],"replies":[{"embeddable":true,"href":"https:\/\/w-go.hu\/en\/wp-json\/wp\/v2\/comments?post=498"}],"version-history":[{"count":19,"href":"https:\/\/w-go.hu\/en\/wp-json\/wp\/v2\/pages\/498\/revisions"}],"predecessor-version":[{"id":631,"href":"https:\/\/w-go.hu\/en\/wp-json\/wp\/v2\/pages\/498\/revisions\/631"}],"wp:attachment":[{"href":"https:\/\/w-go.hu\/en\/wp-json\/wp\/v2\/media?parent=498"}],"curies":[{"name":"wp","href":"https:\/\/api.w.org\/{rel}","templated":true}]}}